{"id":8,"date":"2018-04-24T19:31:40","date_gmt":"2018-04-24T17:31:40","guid":{"rendered":"http:\/\/exagon.pro\/?page_id=8"},"modified":"2018-04-24T19:31:40","modified_gmt":"2018-04-24T17:31:40","slug":"a-propos-de","status":"publish","type":"page","link":"https:\/\/exagon.pro\/?page_id=8","title":{"rendered":"\u00c0 propos de"},"content":{"rendered":"<p>Vous pourriez \u00eatre un artiste et vouloir pr\u00e9senter vos travaux et vous m\u00eame ou encore \u00eatre une entreprise avec une mission \u00e0 promouvoir.<\/p>\n","protected":false},"excerpt":{"rendered":"<p>Vous pourriez \u00eatre un artiste et vouloir pr\u00e9senter vos travaux et vous m\u00eame ou encore \u00eatre une entreprise avec une mission \u00e0 promouvoir.<\/p>\n","protected":false},"author":1,"featured_media":5,"parent":0,"menu_order":0,"comment_status":"closed","ping_status":"closed","template":"","meta":{"footnotes":""},"_links":{"self":[{"href":"https:\/\/exagon.pro\/index.php?rest_route=\/wp\/v2\/pages\/8"}],"collection":[{"href":"https:\/\/exagon.pro\/index.php?rest_route=\/wp\/v2\/pages"}],"about":[{"href":"https:\/\/exagon.pro\/index.php?rest_route=\/wp\/v2\/types\/page"}],"author":[{"embeddable":true,"href":"https:\/\/exagon.pro\/index.php?rest_route=\/wp\/v2\/users\/1"}],"replies":[{"embeddable":true,"href":"https:\/\/exagon.pro\/index.php?rest_route=%2Fwp%2Fv2%2Fcomments&post=8"}],"version-history":[{"count":1,"href":"https:\/\/exagon.pro\/index.php?rest_route=\/wp\/v2\/pages\/8\/revisions"}],"predecessor-version":[{"id":15,"href":"https:\/\/exagon.pro\/index.php?rest_route=\/wp\/v2\/pages\/8\/revisions\/15"}],"wp:featuredmedia":[{"embeddable":true,"href":"https:\/\/exagon.pro\/index.php?rest_route=\/wp\/v2\/media\/5"}],"wp:attachment":[{"href":"https:\/\/exagon.pro\/index.php?rest_route=%2Fwp%2Fv2%2Fmedia&parent=8"}],"curies":[{"name":"wp","href":"https:\/\/api.w.org\/{rel}","templated":true}]}}